{"id":89,"date":"2023-02-13T07:16:09","date_gmt":"2023-02-13T07:16:09","guid":{"rendered":"https:\/\/themegenix.net\/reland\/?page_id=89"},"modified":"2025-09-18T14:04:34","modified_gmt":"2025-09-18T12:04:34","slug":"uslugi","status":"publish","type":"page","link":"https:\/\/pulawskiecentrumnieruchomosci.pl\/?page_id=89","title":{"rendered":"Us\u0142ugi"},"content":{"rendered":"\t\t<div data-elementor-type=\"wp-page\" data-elementor-id=\"89\" class=\"elementor elementor-89\">\n\t\t\t\t\t\t<section class=\"elementor-section elementor-top-section elementor-element elementor-element-e648eb5 elementor-section-full_width elementor-section-height-default elementor-section-height-default\" data-id=\"e648eb5\" data-element_type=\"section\" data-e-type=\"section\">\n\t\t\t\t\t\t<div class=\"elementor-container elementor-column-gap-no\">\n\t\t\t\t\t<div class=\"elementor-column elementor-col-100 elementor-top-column elementor-element elementor-element-54131ac\" data-id=\"54131ac\" data-element_type=\"column\" data-e-type=\"column\">\n\t\t\t<div class=\"elementor-widget-wrap elementor-element-populated\">\n\t\t\t\t\t\t<div class=\"elementor-element elementor-element-61c597a elementor-widget elementor-widget-features\" data-id=\"61c597a\" data-element_type=\"widget\" data-e-type=\"widget\" data-widget_type=\"features.default\">\n\t\t\t\t<div class=\"elementor-widget-container\">\n\t\t\t\t\t\r\n            <!-- features-area -->\r\n            <section class=\"features-area\">\r\n                <div class=\"container\">\r\n                    <div class=\"row justify-content-center\">\r\n                                                <div class=\"col-lg-4 col-md-6 col-sm-10\">\r\n                            <div class=\"features-item text-center\">\r\n                                                                    <div class=\"feature-icon\">\r\n                                        <i aria-hidden=\"true\" class=\"fal fa-home\"><\/i>                                    <\/div>\r\n                                \r\n                                <div class=\"feature-content\">\r\n\r\n                                                                            <h2 class=\"title\">Sprzeda\u017c nieruchomo\u015bci<\/h2>\r\n                                    \r\n                                                                            <p>Skuteczna promocja, obs\u0142uga formalno\u015bci i bezpieczna finalizacja transakcji.<\/p>\r\n                                    \r\n                                <\/div>\r\n                            <\/div>\r\n                        <\/div>\r\n                                                <div class=\"col-lg-4 col-md-6 col-sm-10\">\r\n                            <div class=\"features-item text-center\">\r\n                                                                    <div class=\"feature-icon\">\r\n                                        <i aria-hidden=\"true\" class=\"fal fa-search\"><\/i>                                    <\/div>\r\n                                \r\n                                <div class=\"feature-content\">\r\n\r\n                                                                            <h2 class=\"title\">Zakup nieruchomo\u015bci<\/h2>\r\n                                    \r\n                                                                            <p>Pomagamy znale\u017a\u0107 i negocjowa\u0107 najlepsze oferty mieszka\u0144, dom\u00f3w i dzia\u0142ek.<\/p>\r\n                                    \r\n                                <\/div>\r\n                            <\/div>\r\n                        <\/div>\r\n                                                <div class=\"col-lg-4 col-md-6 col-sm-10\">\r\n                            <div class=\"features-item text-center\">\r\n                                                                    <div class=\"feature-icon\">\r\n                                        <i aria-hidden=\"true\" class=\"tp unicon-virtual-column-key\"><\/i>                                    <\/div>\r\n                                \r\n                                <div class=\"feature-content\">\r\n\r\n                                                                            <h2 class=\"title\">Wynajem nieruchomo\u015bci<\/h2>\r\n                                    \r\n                                                                            <p>Wsparcie w wynajmie \u2013 od sprawdzonych ofert po przygotowanie umowy.<\/p>\r\n                                    \r\n                                <\/div>\r\n                            <\/div>\r\n                        <\/div>\r\n                                                <div class=\"col-lg-4 col-md-6 col-sm-10\">\r\n                            <div class=\"features-item text-center\">\r\n                                                                    <div class=\"feature-icon\">\r\n                                        <i aria-hidden=\"true\" class=\"tp unicon-chart-column\"><\/i>                                    <\/div>\r\n                                \r\n                                <div class=\"feature-content\">\r\n\r\n                                                                            <h2 class=\"title\">Wyceny nieruchomo\u015bci<\/h2>\r\n                                    \r\n                                                                            <p>Profesjonalna wycena oparta na analizie lokalnego rynku i stanu prawnego.<\/p>\r\n                                    \r\n                                <\/div>\r\n                            <\/div>\r\n                        <\/div>\r\n                                                <div class=\"col-lg-4 col-md-6 col-sm-10\">\r\n                            <div class=\"features-item text-center\">\r\n                                                                    <div class=\"feature-icon\">\r\n                                        <i aria-hidden=\"true\" class=\"tp unicon-money\"><\/i>                                    <\/div>\r\n                                \r\n                                <div class=\"feature-content\">\r\n\r\n                                                                            <h2 class=\"title\">Finansowanie<\/h2>\r\n                                    \r\n                                                                            <p>Doradztwo kredytowe i pomoc w wyborze najlepszych rozwi\u0105za\u0144 bankowych.<\/p>\r\n                                    \r\n                                <\/div>\r\n                            <\/div>\r\n                        <\/div>\r\n                                                <div class=\"col-lg-4 col-md-6 col-sm-10\">\r\n                            <div class=\"features-item text-center\">\r\n                                                                    <div class=\"feature-icon\">\r\n                                        <i aria-hidden=\"true\" class=\"tp unicon-chat-bot\"><\/i>                                    <\/div>\r\n                                \r\n                                <div class=\"feature-content\">\r\n\r\n                                                                            <h2 class=\"title\">Obs\u0142uga kompleksowa<\/h2>\r\n                                    \r\n                                                                            <p>Indywidualne podej\u015bcie, do\u015bwiadczenie i transparentno\u015b\u0107 na ka\u017cdym etapie.<\/p>\r\n                                    \r\n                                <\/div>\r\n                            <\/div>\r\n                        <\/div>\r\n                                            <\/div>\r\n                <\/div>\r\n            <\/section>\r\n            <!-- features-area-end -->\r\n\r\n    \t\t\t\t<\/div>\n\t\t\t\t<\/div>\n\t\t\t\t\t<\/div>\n\t\t<\/div>\n\t\t\t\t\t<\/div>\n\t\t<\/section>\n\t\t\t\t<section class=\"elementor-section elementor-top-section elementor-element elementor-element-90c8c1f elementor-section-full_width elementor-section-height-default elementor-section-height-default\" data-id=\"90c8c1f\" data-element_type=\"section\" data-e-type=\"section\" data-settings=\"{&quot;background_background&quot;:&quot;classic&quot;}\">\n\t\t\t\t\t\t<div class=\"elementor-container elementor-column-gap-no\">\n\t\t\t\t\t<div class=\"elementor-column elementor-col-100 elementor-top-column elementor-element elementor-element-42f7d41\" data-id=\"42f7d41\" data-element_type=\"column\" data-e-type=\"column\">\n\t\t\t<div class=\"elementor-widget-wrap elementor-element-populated\">\n\t\t\t\t\t\t<div class=\"elementor-element elementor-element-11713d8 elementor-widget elementor-widget-tg-fact\" data-id=\"11713d8\" data-element_type=\"widget\" data-e-type=\"widget\" data-widget_type=\"tg-fact.default\">\n\t\t\t\t<div class=\"elementor-widget-container\">\n\t\t\t\t\t\r\n        <script>\r\n            jQuery(document).ready(function($){\r\n\r\n                \/*=============================================\r\n                    =        Odometer Active         =\r\n                =============================================*\/\r\n                $('.odometer').appear(function (e) {\r\n                    var odo = $(\".odometer\");\r\n                    odo.each(function () {\r\n                        var countNumber = $(this).attr(\"data-count\");\r\n                        $(this).html(countNumber);\r\n                    });\r\n                });\r\n\r\n            });\r\n        <\/script>\r\n\r\n        <!-- counter-area -->\r\n        <div class=\"counter-area\">\r\n            <div class=\"container\">\r\n                <div class=\"row justify-content-center\">\r\n                    <div class=\"col-xl-8\">\r\n                        <div class=\"counter-item-wrap\">\r\n                            <div class=\"row\">\r\n                                                                <div class=\"col-md-3 col-sm-6 col-6\">\r\n                                    <div class=\"counter-item\">\r\n\r\n                                                                                    <span class=\"count odometer\" data-count=\"120+\"><\/span>\r\n                                        \r\n                                                                                    <p>ZREALIZOWANYCH TRANSAKCJI<\/p>\r\n                                        \r\n                                    <\/div>\r\n                                <\/div>\r\n                                                                <div class=\"col-md-3 col-sm-6 col-6\">\r\n                                    <div class=\"counter-item\">\r\n\r\n                                                                                    <span class=\"count odometer\" data-count=\"150+\t\"><\/span>\r\n                                        \r\n                                                                                    <p>ZADOWOLONYCH KLIENT\u00d3W\t<\/p>\r\n                                        \r\n                                    <\/div>\r\n                                <\/div>\r\n                                                                <div class=\"col-md-3 col-sm-6 col-6\">\r\n                                    <div class=\"counter-item\">\r\n\r\n                                                                                    <span class=\"count odometer\" data-count=\"40+\t\"><\/span>\r\n                                        \r\n                                                                                    <p>POZYSKANYCH FINANSOWA\u0143\t<\/p>\r\n                                        \r\n                                    <\/div>\r\n                                <\/div>\r\n                                                                <div class=\"col-md-3 col-sm-6 col-6\">\r\n                                    <div class=\"counter-item\">\r\n\r\n                                                                                    <span class=\"count odometer\" data-count=\"250+\"><\/span>\r\n                                        \r\n                                                                                    <p>PRZYGOTOWANYCH WYCEN<\/p>\r\n                                        \r\n                                    <\/div>\r\n                                <\/div>\r\n                                                            <\/div>\r\n                        <\/div>\r\n                    <\/div>\r\n                <\/div>\r\n            <\/div>\r\n        <\/div>\r\n        <!-- counter-area-end -->\r\n\r\n    \t\t\t\t<\/div>\n\t\t\t\t<\/div>\n\t\t\t\t\t<\/div>\n\t\t<\/div>\n\t\t\t\t\t<\/div>\n\t\t<\/section>\n\t\t\t\t<section class=\"elementor-section elementor-top-section elementor-element elementor-element-8316bd2 elementor-section-full_width elementor-section-height-default elementor-section-height-default\" data-id=\"8316bd2\" data-element_type=\"section\" data-e-type=\"section\" data-settings=\"{&quot;background_background&quot;:&quot;classic&quot;}\">\n\t\t\t\t\t\t<div class=\"elementor-container elementor-column-gap-no\">\n\t\t\t\t\t<div class=\"elementor-column elementor-col-100 elementor-top-column elementor-element elementor-element-3ad0d2c\" data-id=\"3ad0d2c\" data-element_type=\"column\" data-e-type=\"column\">\n\t\t\t<div class=\"elementor-widget-wrap elementor-element-populated\">\n\t\t\t\t\t\t<div class=\"elementor-element elementor-element-c9f7f6e elementor-widget elementor-widget-tg-services\" data-id=\"c9f7f6e\" data-element_type=\"widget\" data-e-type=\"widget\" data-widget_type=\"tg-services.default\">\n\t\t\t\t<div class=\"elementor-widget-container\">\n\t\t\t\t\t\r\n        \r\n            <!-- services-area -->\r\n            <section class=\"services-area\">\r\n                <div class=\"container\">\r\n\r\n                                        <div class=\"row justify-content-center\">\r\n                        <div class=\"col-xl-7 col-lg-8\">\r\n                            <div class=\"section-title text-center mb-55\">\r\n\r\n                                                                <span class=\"sub-title\">NASZE US\u0141UGI<\/span>\r\n                                \r\n                                <h2 class=\"title\">KOMPLEKSOWE WSPARCIE W KA\u017bDEJ TRANSAKCJI<\/h2>\r\n                            <\/div>\r\n                        <\/div>\r\n                    <\/div>\r\n                    \r\n                    <div class=\"row justify-content-center\">\r\n\r\n                                                <div class=\"col-lg-4 col-md-6 col-sm-10\">\r\n                            <div class=\"services-item\">\r\n\r\n                                                                <div class=\"services-thumb\">\r\n                                    <a href=\"\"><img decoding=\"async\" src=\"https:\/\/pulawskiecentrumnieruchomosci.pl\/wp-content\/uploads\/2025\/09\/image-2-1.png\" alt=\"\"><\/a>\r\n                                <\/div>\r\n                                \r\n                                <div class=\"services-content\">\r\n\r\n                                                                        <h2 class=\"title\"><a href=\"\">Sprzeda\u017c<\/a><\/h2>\r\n                                    \r\n                                                                        <p>Zadbaj o spokojn\u0105 i skuteczn\u0105 sprzeda\u017c. Od wyceny, przez profesjonaln\u0105 prezentacj\u0119, a\u017c po finalizacj\u0119 transakcji \u2013 jeste\u015bmy z Tob\u0105 na ka\u017cdym etapie.\n\n<\/p>\r\n                                    \r\n                                    \r\n                                <\/div>\r\n                            <\/div>\r\n                        <\/div>\r\n                                                <div class=\"col-lg-4 col-md-6 col-sm-10\">\r\n                            <div class=\"services-item\">\r\n\r\n                                                                <div class=\"services-thumb\">\r\n                                    <a href=\"\"><img decoding=\"async\" src=\"https:\/\/pulawskiecentrumnieruchomosci.pl\/wp-content\/uploads\/2025\/09\/image-4-1-1.png\" alt=\"\"><\/a>\r\n                                <\/div>\r\n                                \r\n                                <div class=\"services-content\">\r\n\r\n                                                                        <h2 class=\"title\"><a href=\"\">Zakup<\/a><\/h2>\r\n                                    \r\n                                                                        <p>Znajd\u017a dom swoich marze\u0144. Pomo\u017cemy Ci przej\u015b\u0107 przez proces zakupu nieruchomo\u015bci, od wyszukania idealnej oferty po negocjacje i finalizacj\u0119.\n\n<\/p>\r\n                                    \r\n                                    \r\n                                <\/div>\r\n                            <\/div>\r\n                        <\/div>\r\n                                                <div class=\"col-lg-4 col-md-6 col-sm-10\">\r\n                            <div class=\"services-item\">\r\n\r\n                                                                <div class=\"services-thumb\">\r\n                                    <a href=\"\"><img decoding=\"async\" src=\"https:\/\/pulawskiecentrumnieruchomosci.pl\/wp-content\/uploads\/2025\/09\/image-6-1.png\" alt=\"\"><\/a>\r\n                                <\/div>\r\n                                \r\n                                <div class=\"services-content\">\r\n\r\n                                                                        <h2 class=\"title\"><a href=\"\">Wynajem<\/a><\/h2>\r\n                                    \r\n                                                                        <p>Skutecznie i bezpiecznie wynajmij swoj\u0105 nieruchomo\u015b\u0107. Zajmiemy si\u0119 wszystkim, od poszukiwania odpowiedniego najemcy po przygotowanie umowy.\n\n<\/p>\r\n                                    \r\n                                    \r\n                                <\/div>\r\n                            <\/div>\r\n                        <\/div>\r\n                        \r\n                    <\/div>\r\n                <\/div>\r\n            <\/section>\r\n            <!-- services-area-end -->\r\n\r\n        \r\n    \t\t\t\t<\/div>\n\t\t\t\t<\/div>\n\t\t\t\t\t<\/div>\n\t\t<\/div>\n\t\t\t\t\t<\/div>\n\t\t<\/section>\n\t\t\t\t<section class=\"elementor-section elementor-top-section elementor-element elementor-element-d8b5dfb elementor-section-full_width elementor-section-height-default elementor-section-height-default\" data-id=\"d8b5dfb\" data-element_type=\"section\" data-e-type=\"section\" data-settings=\"{&quot;background_background&quot;:&quot;classic&quot;}\">\n\t\t\t\t\t\t<div class=\"elementor-container elementor-column-gap-no\">\n\t\t\t\t\t<div class=\"elementor-column elementor-col-100 elementor-top-column elementor-element elementor-element-e174983\" data-id=\"e174983\" data-element_type=\"column\" data-e-type=\"column\" data-settings=\"{&quot;background_background&quot;:&quot;classic&quot;}\">\n\t\t\t<div class=\"elementor-widget-wrap elementor-element-populated\">\n\t\t\t\t\t\t<div class=\"elementor-element elementor-element-35f4241 elementor-widget elementor-widget-tp-cta\" data-id=\"35f4241\" data-element_type=\"widget\" data-e-type=\"widget\" data-widget_type=\"tp-cta.default\">\n\t\t\t\t<div class=\"elementor-widget-container\">\n\t\t\t\t\t\r\n        <!-- newsletter-area -->\r\n        <section class=\"newsletter-area\">\r\n            <div class=\"container\">\r\n                <div class=\"row\">\r\n                    <div class=\"col-lg-12\">\r\n                        <div class=\"newsletter-inner\">\r\n                            <div class=\"row justify-content-center\">\r\n                                <div class=\"col-xl-8\">\r\n                                    <div class=\"newsletter-content\">\r\n\r\n                                                                                <div class=\"section-title mb-50\">\r\n\r\n                                                                                            <span class=\"sub-title\">MASZ PYTANIA? <\/span>\r\n                                            \r\n                                            <h2 class=\"title\">Odezwiemy si\u0119 do Ciebie najszybciej, jak to mo\u017cliwe, aby odpowiedzie\u0107 na pytania.<\/h2>\r\n                                        <\/div>\r\n                                        \r\n                                        \n<div class=\"wpcf7 no-js\" id=\"wpcf7-f256-o1\" lang=\"en-US\" dir=\"ltr\" data-wpcf7-id=\"256\">\n<div class=\"screen-reader-response\"><p role=\"status\" aria-live=\"polite\" aria-atomic=\"true\"><\/p> <ul><\/ul><\/div>\n<form action=\"\/index.php?rest_route=%2Fwp%2Fv2%2Fpages%2F89#wpcf7-f256-o1\" method=\"post\" class=\"wpcf7-form init\" aria-label=\"Contact form\" novalidate=\"novalidate\" data-status=\"init\">\n<fieldset class=\"hidden-fields-container\"><input type=\"hidden\" name=\"_wpcf7\" value=\"256\" \/><input type=\"hidden\" name=\"_wpcf7_version\" value=\"6.1.5\" \/><input type=\"hidden\" name=\"_wpcf7_locale\" value=\"en_US\" \/><input type=\"hidden\" name=\"_wpcf7_unit_tag\" value=\"wpcf7-f256-o1\" \/><input type=\"hidden\" name=\"_wpcf7_container_post\" value=\"0\" \/><input type=\"hidden\" name=\"_wpcf7_posted_data_hash\" value=\"\" \/>\n<\/fieldset>\n<div class=\"newsletter-form\">\n    <ul class=\"list-wrap\">\n        <li><span class=\"wpcf7-form-control-wrap\" data-name=\"your-name\"><input size=\"40\" maxlength=\"400\" class=\"wpcf7-form-control wpcf7-text wpcf7-validates-as-required\" aria-required=\"true\" aria-invalid=\"false\" placeholder=\"Imi\u0119 i Nazwisko\" value=\"\" type=\"text\" name=\"your-name\" \/><\/span><\/li>\n        <li><span class=\"wpcf7-form-control-wrap\" data-name=\"your-email\"><input size=\"40\" maxlength=\"400\" class=\"wpcf7-form-control wpcf7-email wpcf7-validates-as-required wpcf7-text wpcf7-validates-as-email\" aria-required=\"true\" aria-invalid=\"false\" placeholder=\"Adres Email\" value=\"\" type=\"email\" name=\"your-email\" \/><\/span><\/li>\n        <li class=\"submit-btn\"><input class=\"wpcf7-form-control wpcf7-submit has-spinner\" type=\"submit\" value=\"Wy\u015blij\" \/><\/li>\n    <\/ul>\n    <div class=\"form-check\">\n        <input type=\"checkbox\" class=\"form-check-input\" id=\"checkbox\">\n        <label for=\"checkbox\">Akceptuj\u0119 regulamin oraz wyra\u017cam zgod\u0119 na przetwarzanie moich danych osobowych.<\/label>\n    <\/div>\n<\/div><div class=\"wpcf7-response-output\" aria-hidden=\"true\"><\/div>\n<\/form>\n<\/div>\n\r\n                                    <\/div>\r\n                                <\/div>\r\n                            <\/div>\r\n                        <\/div>\r\n                    <\/div>\r\n                <\/div>\r\n            <\/div>\r\n        <\/section>\r\n        <!-- newsletter-area-end -->\r\n\r\n    \t\t\t\t<\/div>\n\t\t\t\t<\/div>\n\t\t\t\t\t<\/div>\n\t\t<\/div>\n\t\t\t\t\t<\/div>\n\t\t<\/section>\n\t\t\t\t<\/div>\n\t\t","protected":false},"excerpt":{"rendered":"<p>Sprzeda\u017c nieruchomo\u015bci Skuteczna promocja, obs\u0142uga formalno\u015bci i bezpieczna finalizacja transakcji. Zakup nieruchomo\u015bci Pomagamy znale\u017a\u0107 i negocjowa\u0107 najlepsze oferty mieszka\u0144, dom\u00f3w i dzia\u0142ek. Wynajem nieruchomo\u015bci Wsparcie w wynajmie \u2013 od sprawdzonych ofert po przygotowanie umowy. Wyceny nieruchomo\u015bci Profesjonalna wycena oparta na analizie lokalnego rynku i stanu prawnego. Finansowanie Doradztwo kredytowe i pomoc w wyborze najlepszych rozwi\u0105za\u0144 [&hellip;]<\/p>\n","protected":false},"author":1,"featured_media":0,"parent":0,"menu_order":0,"comment_status":"closed","ping_status":"closed","template":"elementor_header_footer","meta":{"_acf_changed":false,"_monsterinsights_skip_tracking":false,"_monsterinsights_sitenote_active":false,"_monsterinsights_sitenote_note":"","_monsterinsights_sitenote_category":0,"footnotes":""},"class_list":["post-89","page","type-page","status-publish","hentry"],"acf":[],"aioseo_notices":[],"_links":{"self":[{"href":"https:\/\/pulawskiecentrumnieruchomosci.pl\/index.php?rest_route=\/wp\/v2\/pages\/89","targetHints":{"allow":["GET"]}}],"collection":[{"href":"https:\/\/pulawskiecentrumnieruchomosci.pl\/index.php?rest_route=\/wp\/v2\/pages"}],"about":[{"href":"https:\/\/pulawskiecentrumnieruchomosci.pl\/index.php?rest_route=\/wp\/v2\/types\/page"}],"author":[{"embeddable":true,"href":"https:\/\/pulawskiecentrumnieruchomosci.pl\/index.php?rest_route=\/wp\/v2\/users\/1"}],"replies":[{"embeddable":true,"href":"https:\/\/pulawskiecentrumnieruchomosci.pl\/index.php?rest_route=%2Fwp%2Fv2%2Fcomments&post=89"}],"version-history":[{"count":33,"href":"https:\/\/pulawskiecentrumnieruchomosci.pl\/index.php?rest_route=\/wp\/v2\/pages\/89\/revisions"}],"predecessor-version":[{"id":1433,"href":"https:\/\/pulawskiecentrumnieruchomosci.pl\/index.php?rest_route=\/wp\/v2\/pages\/89\/revisions\/1433"}],"wp:attachment":[{"href":"https:\/\/pulawskiecentrumnieruchomosci.pl\/index.php?rest_route=%2Fwp%2Fv2%2Fmedia&parent=89"}],"curies":[{"name":"wp","href":"https:\/\/api.w.org\/{rel}","templated":true}]}}